{"id":192,"date":"2019-05-13T18:16:00","date_gmt":"2019-05-13T16:16:00","guid":{"rendered":"https:\/\/profinca.ad\/cast\/?page_id=192"},"modified":"2019-05-22T11:28:03","modified_gmt":"2019-05-22T09:28:03","slug":"sobre-nosaltres","status":"publish","type":"page","link":"https:\/\/profinca.ad\/cast\/sobre-nosaltres\/","title":{"rendered":"Sobre nosotros"},"content":{"rendered":"\n<p><strong>Sobre Profinca<\/strong><\/p>\n\n\n\n<p><strong>Desde el a\u00f1o 1979 nos dedicamos a la promoci\u00f3n, gesti\u00f3n y comercializaci\u00f3n de construcciones de viviendas, aparcamientos y locales comerciales.<\/strong><\/p>\n\n\n\n<p><strong>Somos unos de los promotores m\u00e1s importantes del Principado de Andorra con una veintena de construcciones inmobiliarias en el transcurso de nuestros cuarenta a\u00f1os de historia.<\/strong><\/p>\n\n\n\n<p><strong>Durante este tiempo siempre hemos trabajado con empresas constructoras de calidad contrastada y con garant\u00edas.<\/strong><\/p>\n\n\n\n<p><strong>Somos miembros del Agia (Colegio Profesional de Agentes y Gestores Inmobiliarios de Andorra).<\/strong><\/p>\n","protected":false},"excerpt":{"rendered":"<p>Sobre Profinca Desde el a\u00f1o 1979 nos dedicamos a la promoci\u00f3n, gesti\u00f3n y comercializaci\u00f3n de construcciones de viviendas, aparcamientos y locales comerciales. Somos unos de los promotores m\u00e1s importantes del Principado de Andorra con una veintena de construcciones inmobiliarias en el transcurso de nuestros cuarenta a\u00f1os de historia. Durante este tiempo siempre hemos trabajado con <a class=\"read-more\" href=\"https:\/\/profinca.ad\/cast\/sobre-nosaltres\/\">Read More<\/a><\/p>\n","protected":false},"author":1,"featured_media":0,"parent":0,"menu_order":0,"comment_status":"closed","ping_status":"closed","template":"","meta":{"footnotes":""},"class_list":["post-192","page","type-page","status-publish","hentry"],"_links":{"self":[{"href":"https:\/\/profinca.ad\/cast\/wp-json\/wp\/v2\/pages\/192","targetHints":{"allow":["GET"]}}],"collection":[{"href":"https:\/\/profinca.ad\/cast\/wp-json\/wp\/v2\/pages"}],"about":[{"href":"https:\/\/profinca.ad\/cast\/wp-json\/wp\/v2\/types\/page"}],"author":[{"embeddable":true,"href":"https:\/\/profinca.ad\/cast\/wp-json\/wp\/v2\/users\/1"}],"replies":[{"embeddable":true,"href":"https:\/\/profinca.ad\/cast\/wp-json\/wp\/v2\/comments?post=192"}],"version-history":[{"count":3,"href":"https:\/\/profinca.ad\/cast\/wp-json\/wp\/v2\/pages\/192\/revisions"}],"predecessor-version":[{"id":263,"href":"https:\/\/profinca.ad\/cast\/wp-json\/wp\/v2\/pages\/192\/revisions\/263"}],"wp:attachment":[{"href":"https:\/\/profinca.ad\/cast\/wp-json\/wp\/v2\/media?parent=192"}],"curies":[{"name":"wp","href":"https:\/\/api.w.org\/{rel}","templated":true}]}}