{"id":334,"date":"2025-09-18T09:07:11","date_gmt":"2025-09-18T07:07:11","guid":{"rendered":"https:\/\/profinca.ad\/cast\/?page_id=334"},"modified":"2026-02-02T16:32:25","modified_gmt":"2026-02-02T15:32:25","slug":"oficinas-bp","status":"publish","type":"page","link":"https:\/\/profinca.ad\/cast\/oficinas-bp\/","title":{"rendered":"OFICINAS BP"},"content":{"rendered":"\n<p>Nuevas oficinas a estrenar, ubicadas en el centro de Escaldes-Engordany, en la Avenida Carlemany 111-115.<\/p>\n\n\n\n<p>Cuentan con espacios di\u00e1fanos y luminosos, con climatizaci\u00f3n completamente instalada.<\/p>\n\n\n\n<p>Est\u00e1n preparadas para entrar y comenzar a trabajar.<\/p>\n\n\n\n<figure class=\"wp-block-gallery has-nested-images columns-default is-cropped wp-block-gallery-1 is-layout-flex wp-block-gallery-is-layout-flex\">\n<figure class=\"wp-block-image size-large\"><img loading=\"lazy\" decoding=\"async\" width=\"425\" height=\"283\" data-id=\"340\" src=\"https:\/\/profinca.ad\/cast\/wp-content\/uploads\/sites\/2\/2025\/09\/EDU_8472.jpg\" alt=\"\" class=\"wp-image-340\" srcset=\"https:\/\/profinca.ad\/cast\/wp-content\/uploads\/sites\/2\/2025\/09\/EDU_8472.jpg 425w, https:\/\/profinca.ad\/cast\/wp-content\/uploads\/sites\/2\/2025\/09\/EDU_8472-300x200.jpg 300w\" sizes=\"auto, (max-width: 425px) 100vw, 425px\" \/><\/figure>\n\n\n\n<figure class=\"wp-block-image size-large\"><img loading=\"lazy\" decoding=\"async\" width=\"425\" height=\"283\" data-id=\"339\" src=\"https:\/\/profinca.ad\/cast\/wp-content\/uploads\/sites\/2\/2025\/09\/EDU_8466.jpg\" alt=\"\" class=\"wp-image-339\" srcset=\"https:\/\/profinca.ad\/cast\/wp-content\/uploads\/sites\/2\/2025\/09\/EDU_8466.jpg 425w, https:\/\/profinca.ad\/cast\/wp-content\/uploads\/sites\/2\/2025\/09\/EDU_8466-300x200.jpg 300w\" sizes=\"auto, (max-width: 425px) 100vw, 425px\" \/><\/figure>\n\n\n\n<figure class=\"wp-block-image size-large\"><img loading=\"lazy\" decoding=\"async\" width=\"425\" height=\"283\" data-id=\"338\" src=\"https:\/\/profinca.ad\/cast\/wp-content\/uploads\/sites\/2\/2025\/09\/EDU_8461.jpg\" alt=\"\" class=\"wp-image-338\" srcset=\"https:\/\/profinca.ad\/cast\/wp-content\/uploads\/sites\/2\/2025\/09\/EDU_8461.jpg 425w, https:\/\/profinca.ad\/cast\/wp-content\/uploads\/sites\/2\/2025\/09\/EDU_8461-300x200.jpg 300w\" sizes=\"auto, (max-width: 425px) 100vw, 425px\" \/><\/figure>\n\n\n\n<figure class=\"wp-block-image size-large\"><img loading=\"lazy\" decoding=\"async\" width=\"425\" height=\"283\" data-id=\"337\" src=\"https:\/\/profinca.ad\/cast\/wp-content\/uploads\/sites\/2\/2025\/09\/EDU_8452.jpg\" alt=\"\" class=\"wp-image-337\" srcset=\"https:\/\/profinca.ad\/cast\/wp-content\/uploads\/sites\/2\/2025\/09\/EDU_8452.jpg 425w, https:\/\/profinca.ad\/cast\/wp-content\/uploads\/sites\/2\/2025\/09\/EDU_8452-300x200.jpg 300w\" sizes=\"auto, (max-width: 425px) 100vw, 425px\" \/><\/figure>\n\n\n\n<figure class=\"wp-block-image size-large\"><img loading=\"lazy\" decoding=\"async\" width=\"425\" height=\"283\" data-id=\"336\" src=\"https:\/\/profinca.ad\/cast\/wp-content\/uploads\/sites\/2\/2025\/09\/EDU_8451.jpg\" alt=\"\" class=\"wp-image-336\" srcset=\"https:\/\/profinca.ad\/cast\/wp-content\/uploads\/sites\/2\/2025\/09\/EDU_8451.jpg 425w, https:\/\/profinca.ad\/cast\/wp-content\/uploads\/sites\/2\/2025\/09\/EDU_8451-300x200.jpg 300w\" sizes=\"auto, (max-width: 425px) 100vw, 425px\" \/><\/figure>\n\n\n\n<figure class=\"wp-block-image size-large\"><img loading=\"lazy\" decoding=\"async\" width=\"425\" height=\"283\" data-id=\"346\" src=\"https:\/\/profinca.ad\/cast\/wp-content\/uploads\/sites\/2\/2025\/09\/EDU_8447.jpg\" alt=\"\" class=\"wp-image-346\" srcset=\"https:\/\/profinca.ad\/cast\/wp-content\/uploads\/sites\/2\/2025\/09\/EDU_8447.jpg 425w, https:\/\/profinca.ad\/cast\/wp-content\/uploads\/sites\/2\/2025\/09\/EDU_8447-300x200.jpg 300w\" sizes=\"auto, (max-width: 425px) 100vw, 425px\" \/><\/figure>\n\n\n\n<figure class=\"wp-block-image size-full\"><img loading=\"lazy\" decoding=\"async\" width=\"425\" height=\"283\" data-id=\"419\" src=\"https:\/\/profinca.ad\/cast\/wp-content\/uploads\/sites\/2\/2026\/02\/EDU_8445.jpg\" alt=\"\" class=\"wp-image-419\" srcset=\"https:\/\/profinca.ad\/cast\/wp-content\/uploads\/sites\/2\/2026\/02\/EDU_8445.jpg 425w, https:\/\/profinca.ad\/cast\/wp-content\/uploads\/sites\/2\/2026\/02\/EDU_8445-300x200.jpg 300w\" sizes=\"auto, (max-width: 425px) 100vw, 425px\" \/><\/figure>\n\n\n\n<figure class=\"wp-block-image size-full\"><img loading=\"lazy\" decoding=\"async\" width=\"425\" height=\"283\" data-id=\"418\" src=\"https:\/\/profinca.ad\/cast\/wp-content\/uploads\/sites\/2\/2026\/02\/EDU_8442.jpg\" alt=\"\" class=\"wp-image-418\" srcset=\"https:\/\/profinca.ad\/cast\/wp-content\/uploads\/sites\/2\/2026\/02\/EDU_8442.jpg 425w, https:\/\/profinca.ad\/cast\/wp-content\/uploads\/sites\/2\/2026\/02\/EDU_8442-300x200.jpg 300w\" sizes=\"auto, (max-width: 425px) 100vw, 425px\" \/><\/figure>\n\n\n\n<figure class=\"wp-block-image size-full\"><img loading=\"lazy\" decoding=\"async\" width=\"425\" height=\"283\" data-id=\"417\" src=\"https:\/\/profinca.ad\/cast\/wp-content\/uploads\/sites\/2\/2026\/02\/EDU_8441.jpg\" alt=\"\" class=\"wp-image-417\" srcset=\"https:\/\/profinca.ad\/cast\/wp-content\/uploads\/sites\/2\/2026\/02\/EDU_8441.jpg 425w, https:\/\/profinca.ad\/cast\/wp-content\/uploads\/sites\/2\/2026\/02\/EDU_8441-300x200.jpg 300w\" sizes=\"auto, (max-width: 425px) 100vw, 425px\" \/><\/figure>\n<\/figure>\n\n\n\n<hr class=\"wp-block-separator has-alpha-channel-opacity is-style-dots\"\/>\n\n\n\n<figure class=\"wp-block-table\"><table class=\"has-fixed-layout\"><tbody><tr><td class=\"has-text-align-center\" data-align=\"center\"><strong>Oficina<\/strong><\/td><td class=\"has-text-align-center\" data-align=\"center\"><strong>Superficie<\/strong><\/td><td class=\"has-text-align-center\" data-align=\"center\"><strong>Precio alquiler\/mes.<\/strong><\/td><\/tr><tr><td class=\"has-text-align-center\" data-align=\"center\">202<\/td><td class=\"has-text-align-center\" data-align=\"center\">119,63 m\u00b2<\/td><td class=\"has-text-align-center\" data-align=\"center\">2500 \u20ac + IGI<\/td><\/tr><tr><td class=\"has-text-align-center\" data-align=\"center\">303<\/td><td class=\"has-text-align-center\" data-align=\"center\">104,16 m\u00b2<\/td><td class=\"has-text-align-center\" data-align=\"center\">2300 \u20ac + IGI<\/td><\/tr><tr><td class=\"has-text-align-center\" data-align=\"center\">403<\/td><td class=\"has-text-align-center\" data-align=\"center\">119,36 m\u00b2<\/td><td class=\"has-text-align-center\" data-align=\"center\">2650 \u20ac + IGI<\/td><\/tr><tr><td class=\"has-text-align-center\" data-align=\"center\">501<\/td><td class=\"has-text-align-center\" data-align=\"center\">96,65 m\u00b2<\/td><td class=\"has-text-align-center\" data-align=\"center\">2450 \u20ac + IGI<\/td><\/tr><tr><td class=\"has-text-align-center\" data-align=\"center\">601<\/td><td class=\"has-text-align-center\" data-align=\"center\">93,49 m\u00b2<\/td><td class=\"has-text-align-center\" data-align=\"center\">2200 \u20ac + IGI<\/td><\/tr><tr><td class=\"has-text-align-center\" data-align=\"center\">602<\/td><td class=\"has-text-align-center\" data-align=\"center\">151,03 m\u00b2<\/td><td class=\"has-text-align-center\" data-align=\"center\">3500 \u20ac + IGI<\/td><\/tr><\/tbody><\/table><\/figure>\n\n\n\n<p><\/p>\n","protected":false},"excerpt":{"rendered":"<p>Nuevas oficinas a estrenar, ubicadas en el centro de Escaldes-Engordany, en la Avenida Carlemany 111-115. Cuentan con espacios di\u00e1fanos y luminosos, con climatizaci\u00f3n completamente instalada. Est\u00e1n preparadas para entrar y comenzar a trabajar. Oficina Superficie Precio alquiler\/mes. 202 119,63 m\u00b2 2500 \u20ac + IGI 303 104,16 m\u00b2 2300 \u20ac + IGI 403 119,36 m\u00b2 2650 <a class=\"read-more\" href=\"https:\/\/profinca.ad\/cast\/oficinas-bp\/\">Read More<\/a><\/p>\n","protected":false},"author":1,"featured_media":0,"parent":0,"menu_order":0,"comment_status":"closed","ping_status":"closed","template":"","meta":{"footnotes":""},"class_list":["post-334","page","type-page","status-publish","hentry"],"_links":{"self":[{"href":"https:\/\/profinca.ad\/cast\/wp-json\/wp\/v2\/pages\/334","targetHints":{"allow":["GET"]}}],"collection":[{"href":"https:\/\/profinca.ad\/cast\/wp-json\/wp\/v2\/pages"}],"about":[{"href":"https:\/\/profinca.ad\/cast\/wp-json\/wp\/v2\/types\/page"}],"author":[{"embeddable":true,"href":"https:\/\/profinca.ad\/cast\/wp-json\/wp\/v2\/users\/1"}],"replies":[{"embeddable":true,"href":"https:\/\/profinca.ad\/cast\/wp-json\/wp\/v2\/comments?post=334"}],"version-history":[{"count":3,"href":"https:\/\/profinca.ad\/cast\/wp-json\/wp\/v2\/pages\/334\/revisions"}],"predecessor-version":[{"id":421,"href":"https:\/\/profinca.ad\/cast\/wp-json\/wp\/v2\/pages\/334\/revisions\/421"}],"wp:attachment":[{"href":"https:\/\/profinca.ad\/cast\/wp-json\/wp\/v2\/media?parent=334"}],"curies":[{"name":"wp","href":"https:\/\/api.w.org\/{rel}","templated":true}]}}