{"id":37,"date":"2019-05-07T14:19:35","date_gmt":"2019-05-07T12:19:35","guid":{"rendered":"http:\/\/profinca.ad\/cast\/?page_id=37"},"modified":"2019-05-22T11:20:59","modified_gmt":"2019-05-22T09:20:59","slug":"politica-de-privacitat","status":"publish","type":"page","link":"https:\/\/profinca.ad\/cast\/politica-de-privacitat\/","title":{"rendered":"Pol\u00edtica de privacidad"},"content":{"rendered":"\n<p>Distinguido Cliente,<\/p>\n\n\n\n<p>De acuerdo con las disposiciones de ley cualificada 15\/2003 de 18 de diciembre de Protecci\u00f3n de Datos Personales (LQPDP) y al Decreto 9-6-2010, de aprobaci\u00f3n del Reglamento de la Agencia andorrana de protecci\u00f3n de datos, PROFINCA SL con NRT (N\u00famero de Registro Tributario) A-705 321-C y con domicilio social en la Av. Meritxell 78, Edificio la Rotonda, AD500 de Andorra la Vella (Principado de Andorra) le comunica que los datos personales que nos facilite mediante el presente web a trav\u00e9s del formulario de contacto, ser\u00e1n guardadas en el servidor de correo de PROFINCA S.L., del que la sociedad es el titular.<\/p>\n\n\n\n<p>PROFINCA S.L. utilizar\u00e1 sus datos (nombre, tel\u00e9fono y correo electr\u00f3nico) con el fin de responder a su solicitud de informaci\u00f3n. La comunicaci\u00f3n de estos datos supone la aceptaci\u00f3n expl\u00edcita del usuario a su incorporaci\u00f3n en el servidor de correo. Los datos ser\u00e1n utilizados \u00fanica y exclusivamente para responder a su petici\u00f3n. No se utilizar\u00e1n los datos para cualquier otra finalidad.<\/p>\n\n\n\n<p>PROFINCA S.L. se compromete al cumplimiento de su obligaci\u00f3n de confidencialidad de los datos de car\u00e1cter personal, as\u00ed como de su obligaci\u00f3n de guardarlos y adoptar\u00e1 las medidas necesarias a fin de evitar su alteraci\u00f3n, p\u00e9rdida, tratamiento o acceso no autorizado, teniendo en cuenta en todo momento del estado de la tecnolog\u00eda. Adem\u00e1s, PROFINCA S.L. se compromete a tratar sus datos de forma totalmente confidencial y a cumplir fehacientemente todas las obligaciones establecidas en la Ley, as\u00ed como tambi\u00e9n a implementar los procedimientos adecuados para limitar el acceso y el uso de los datos de aquellos empleados de su empresa, que a raz\u00f3n de sus responsabilidades tengan que hacer uso para el desarrollo de sus funciones.<\/p>\n\n\n\n<p>\u00a9 PROFINCA S.L., 2019. Todos los derechos reservados.<\/p>\n","protected":false},"excerpt":{"rendered":"<p>Distinguido Cliente, De acuerdo con las disposiciones de ley cualificada 15\/2003 de 18 de diciembre de Protecci\u00f3n de Datos Personales (LQPDP) y al Decreto 9-6-2010, de aprobaci\u00f3n del Reglamento de la Agencia andorrana de protecci\u00f3n de datos, PROFINCA SL con NRT (N\u00famero de Registro Tributario) A-705 321-C y con domicilio social en la Av. Meritxell <a class=\"read-more\" href=\"https:\/\/profinca.ad\/cast\/politica-de-privacitat\/\">Read More<\/a><\/p>\n","protected":false},"author":1,"featured_media":0,"parent":0,"menu_order":0,"comment_status":"closed","ping_status":"closed","template":"","meta":{"footnotes":""},"class_list":["post-37","page","type-page","status-publish","hentry"],"_links":{"self":[{"href":"https:\/\/profinca.ad\/cast\/wp-json\/wp\/v2\/pages\/37","targetHints":{"allow":["GET"]}}],"collection":[{"href":"https:\/\/profinca.ad\/cast\/wp-json\/wp\/v2\/pages"}],"about":[{"href":"https:\/\/profinca.ad\/cast\/wp-json\/wp\/v2\/types\/page"}],"author":[{"embeddable":true,"href":"https:\/\/profinca.ad\/cast\/wp-json\/wp\/v2\/users\/1"}],"replies":[{"embeddable":true,"href":"https:\/\/profinca.ad\/cast\/wp-json\/wp\/v2\/comments?post=37"}],"version-history":[{"count":3,"href":"https:\/\/profinca.ad\/cast\/wp-json\/wp\/v2\/pages\/37\/revisions"}],"predecessor-version":[{"id":256,"href":"https:\/\/profinca.ad\/cast\/wp-json\/wp\/v2\/pages\/37\/revisions\/256"}],"wp:attachment":[{"href":"https:\/\/profinca.ad\/cast\/wp-json\/wp\/v2\/media?parent=37"}],"curies":[{"name":"wp","href":"https:\/\/api.w.org\/{rel}","templated":true}]}}