{"id":46,"date":"2019-05-07T14:25:13","date_gmt":"2019-05-07T12:25:13","guid":{"rendered":"http:\/\/profinca.ad\/cast\/?page_id=46"},"modified":"2022-10-26T10:09:32","modified_gmt":"2022-10-26T08:09:32","slug":"la-llar-4","status":"publish","type":"page","link":"https:\/\/profinca.ad\/cast\/la-llar-4\/","title":{"rendered":"La llar 3, 4, 5 y 6"},"content":{"rendered":"\n<h2 class=\"wp-block-heading\">El nuevo n\u00facleo urbano de Andorra la Vella<\/h2>\n\n\n\n<figure class=\"wp-block-gallery aligncenter has-nested-images columns-1 is-cropped wp-block-gallery-1 is-layout-flex wp-block-gallery-is-layout-flex\">\n<figure class=\"wp-block-image\"><img loading=\"lazy\" decoding=\"async\" width=\"1024\" height=\"576\" data-id=\"298\" src=\"https:\/\/profinca.ad\/cast\/wp-content\/uploads\/sites\/2\/2022\/02\/1024x576_cast-1024x576.jpg\" alt=\"\" class=\"wp-image-298\" srcset=\"https:\/\/profinca.ad\/cast\/wp-content\/uploads\/sites\/2\/2022\/02\/1024x576_cast.jpg 1024w, https:\/\/profinca.ad\/cast\/wp-content\/uploads\/sites\/2\/2022\/02\/1024x576_cast-300x169.jpg 300w, https:\/\/profinca.ad\/cast\/wp-content\/uploads\/sites\/2\/2022\/02\/1024x576_cast-768x432.jpg 768w\" sizes=\"auto, (max-width: 1024px) 100vw, 1024px\" \/><\/figure>\n\n\n\n<figure class=\"wp-block-image\"><img loading=\"lazy\" decoding=\"async\" width=\"1024\" height=\"778\" data-id=\"311\" src=\"https:\/\/profinca.ad\/cast\/wp-content\/uploads\/sites\/2\/2022\/04\/local-comercial-profinca-andorra-01-1024x778.jpg\" alt=\"\" class=\"wp-image-311\" srcset=\"https:\/\/profinca.ad\/cast\/wp-content\/uploads\/sites\/2\/2022\/04\/local-comercial-profinca-andorra-01-1024x778.jpg 1024w, https:\/\/profinca.ad\/cast\/wp-content\/uploads\/sites\/2\/2022\/04\/local-comercial-profinca-andorra-01-300x228.jpg 300w, https:\/\/profinca.ad\/cast\/wp-content\/uploads\/sites\/2\/2022\/04\/local-comercial-profinca-andorra-01-768x583.jpg 768w, https:\/\/profinca.ad\/cast\/wp-content\/uploads\/sites\/2\/2022\/04\/local-comercial-profinca-andorra-01.jpg 1440w\" sizes=\"auto, (max-width: 1024px) 100vw, 1024px\" \/><\/figure>\n\n\n\n<figure class=\"wp-block-image\"><img loading=\"lazy\" decoding=\"async\" width=\"1024\" height=\"778\" data-id=\"312\" src=\"https:\/\/profinca.ad\/cast\/wp-content\/uploads\/sites\/2\/2022\/04\/local-comercial-profinca-andorra-02-1024x778.jpg\" alt=\"\" class=\"wp-image-312\" srcset=\"https:\/\/profinca.ad\/cast\/wp-content\/uploads\/sites\/2\/2022\/04\/local-comercial-profinca-andorra-02-1024x778.jpg 1024w, https:\/\/profinca.ad\/cast\/wp-content\/uploads\/sites\/2\/2022\/04\/local-comercial-profinca-andorra-02-300x228.jpg 300w, https:\/\/profinca.ad\/cast\/wp-content\/uploads\/sites\/2\/2022\/04\/local-comercial-profinca-andorra-02-768x583.jpg 768w, https:\/\/profinca.ad\/cast\/wp-content\/uploads\/sites\/2\/2022\/04\/local-comercial-profinca-andorra-02.jpg 1440w\" sizes=\"auto, (max-width: 1024px) 100vw, 1024px\" \/><\/figure>\n<\/figure>\n\n\n\n<p>Una nueva zona residencial y de negocios se urbaniza en Andorra la Vella. La zona conocida como el Prat del Rull, situada en la calle de la Grau.<\/p>\n\n\n\n<p>El proyecto comprende la construcci\u00f3n de cuatro edificios de 6, 7 y dos de 8 plantas, con 90 plazas de aparcamiento y 60 trasteros. La primera fase se ha entregado con el Edificio la Llar 3. Ahora se est\u00e1 construyendo la Llar 4 y la Llar 5. La Llar 4 est\u00e1 vendida en su totalidad, disponibles a\u00fan algunas viviendas en la Llar 5. Que incluye:<\/p>\n\n\n\n<p>-Tres locales comerciales.<\/p>\n\n\n\n<p>-3 viviendas por planta, 21 en total. La primera planta no tiene terrazas.<\/p>\n\n\n\n<p>-Todos son de 3 habitaciones y dos ba\u00f1os, cocina semiabierta, lavadero, armarios empotrados y calefacci\u00f3n aerot\u00e9rmica.<\/p>\n\n\n\n<p>-7 viviendas de 98,89 m2; 7 viviendas de 98,02 m2 i 7 de 97,63 m2.<\/p>\n\n\n\n<p>-Los pisos a partir de la 2\u00aa planta disponen de terraza con vistas a la calle de la Grau de 3,55 m2 \u00f3 12,16 m2.<\/p>\n\n\n\n<p>-Los pisos son con acabados de alta calidad, dise\u00f1o sostenible y de orientaci\u00f3n sur.<\/p>\n\n\n\n<p>El precio de las viviendas se sit\u00faa entre los 326.000 y los 498.000 euros.<\/p>\n\n\n\n<p>El precio de la plaza de aparcamiento est\u00e1ndar es de 24.000 euros y el trastero de 6.000 euros.<\/p>\n\n\n<div class=\"n2-section-smartslider fitvidsignore \" data-ssid=\"6\"><div id=\"n2-ss-6-align\" class=\"n2-ss-align\" style=\"margin: 0 auto; max-width: 1200px;\"><div class=\"n2-padding\"><div id=\"n2-ss-6\" data-creator=\"Smart Slider 3\" data-responsive=\"auto\" class=\"n2-ss-slider n2-ow n2-has-hover n2notransition  \">\n\n\n\n\n\n\n\n<div class=\"n2-ss-slider-wrapper-inside\">\n        <div class=\"n2-ss-slider-1 n2_ss__touch_element n2-ow\">\n            <div class=\"n2-ss-slider-2 n2-ow\">\n                                                <div class=\"n2-ss-slider-3 n2-ow\">\n\n                    <div class=\"n2-ss-slide-backgrounds n2-ow-all\"><div class=\"n2-ss-slide-background\" data-public-id=\"1\" data-mode=\"fill\"><div class=\"n2-ss-slide-background-image\" data-blur=\"0\" data-opacity=\"100\" data-x=\"50\" data-y=\"50\" data-alt=\"\" data-title=\"\"><picture class=\"skip-lazy\" data-skip-lazy=\"1\"><img decoding=\"async\" src=\"\/\/profinca.ad\/cast\/wp-content\/uploads\/sites\/2\/2019\/05\/La-Llar-Fase-4-Planta-5-P.G.-Rev.-4.jpg\" alt=\"\" title=\"\" loading=\"lazy\" class=\"skip-lazy\" data-skip-lazy=\"1\"><\/picture><\/div><div data-color=\"RGBA(255,255,255,0)\" style=\"background-color: RGBA(255,255,255,0);\" class=\"n2-ss-slide-background-color\"><\/div><\/div><div class=\"n2-ss-slide-background\" data-public-id=\"2\" data-mode=\"fill\" aria-hidden=\"true\"><div class=\"n2-ss-slide-background-image\" data-blur=\"0\" data-opacity=\"100\" data-x=\"50\" data-y=\"50\" data-alt=\"\" data-title=\"\"><picture class=\"skip-lazy\" data-skip-lazy=\"1\"><img decoding=\"async\" src=\"\/\/profinca.ad\/cast\/wp-content\/uploads\/sites\/2\/2019\/05\/Porta-1-Vista-A-Rev.-1.jpg\" alt=\"\" title=\"\" loading=\"lazy\" class=\"skip-lazy\" data-skip-lazy=\"1\"><\/picture><\/div><div data-color=\"RGBA(255,255,255,0)\" style=\"background-color: RGBA(255,255,255,0);\" class=\"n2-ss-slide-background-color\"><\/div><\/div><div class=\"n2-ss-slide-background\" data-public-id=\"3\" data-mode=\"fill\" aria-hidden=\"true\"><div class=\"n2-ss-slide-background-image\" data-blur=\"0\" data-opacity=\"100\" data-x=\"50\" data-y=\"50\" data-alt=\"\" data-title=\"\"><picture class=\"skip-lazy\" data-skip-lazy=\"1\"><img decoding=\"async\" src=\"\/\/profinca.ad\/cast\/wp-content\/uploads\/sites\/2\/2019\/05\/Porta-2-Vista-A-Rev.-1.jpg\" alt=\"\" title=\"\" loading=\"lazy\" class=\"skip-lazy\" data-skip-lazy=\"1\"><\/picture><\/div><div data-color=\"RGBA(255,255,255,0)\" style=\"background-color: RGBA(255,255,255,0);\" class=\"n2-ss-slide-background-color\"><\/div><\/div><div class=\"n2-ss-slide-background\" data-public-id=\"4\" data-mode=\"fill\" aria-hidden=\"true\"><div class=\"n2-ss-slide-background-image\" data-blur=\"0\" data-opacity=\"100\" data-x=\"50\" data-y=\"50\" data-alt=\"\" data-title=\"\"><picture class=\"skip-lazy\" data-skip-lazy=\"1\"><img decoding=\"async\" src=\"\/\/profinca.ad\/cast\/wp-content\/uploads\/sites\/2\/2019\/05\/Porta-3-Vista-A-Rev.-1.jpg\" alt=\"\" title=\"\" loading=\"lazy\" class=\"skip-lazy\" data-skip-lazy=\"1\"><\/picture><\/div><div data-color=\"RGBA(255,255,255,0)\" style=\"background-color: RGBA(255,255,255,0);\" class=\"n2-ss-slide-background-color\"><\/div><\/div><\/div>                    <div class=\"n2-ss-slider-4 n2-ow\">\n                        <svg xmlns=\"http:\/\/www.w3.org\/2000\/svg\" viewBox=\"0 0 1200 600\" data-related-device=\"desktopPortrait\" class=\"n2-ow n2-ss-preserve-size n2-ss-preserve-size--slider n2-ss-slide-limiter\"><\/svg><div data-first=\"1\" data-slide-duration=\"0\" data-id=\"26\" data-slide-public-id=\"1\" data-title=\"Image Slider 1\" class=\"n2-ss-slide n2-ow  n2-ss-slide-26\"><div role=\"note\" class=\"n2-ss-slide--focus\" tabindex=\"-1\">Image Slider 1<\/div><div class=\"n2-ss-layers-container n2-ss-slide-limiter n2-ow\"><div class=\"n2-ss-layer n2-ow n-uc-ydF4a4fkRcCy\" data-sstype=\"slide\" data-pm=\"default\"><\/div><\/div><\/div><div data-slide-duration=\"0\" data-id=\"27\" data-slide-public-id=\"2\" aria-hidden=\"true\" data-title=\"Image Slider 2\" class=\"n2-ss-slide n2-ow  n2-ss-slide-27\"><div role=\"note\" class=\"n2-ss-slide--focus\" tabindex=\"-1\">Image Slider 2<\/div><div class=\"n2-ss-layers-container n2-ss-slide-limiter n2-ow\"><div class=\"n2-ss-layer n2-ow n-uc-ozP8Ovic2hA8\" data-sstype=\"slide\" data-pm=\"default\"><\/div><\/div><\/div><div data-slide-duration=\"0\" data-id=\"28\" data-slide-public-id=\"3\" aria-hidden=\"true\" data-title=\"Image Slider 3\" class=\"n2-ss-slide n2-ow  n2-ss-slide-28\"><div role=\"note\" class=\"n2-ss-slide--focus\" tabindex=\"-1\">Image Slider 3<\/div><div class=\"n2-ss-layers-container n2-ss-slide-limiter n2-ow\"><div class=\"n2-ss-layer n2-ow n-uc-PR7uPymci0Dr\" data-sstype=\"slide\" data-pm=\"default\"><\/div><\/div><\/div><div data-slide-duration=\"0\" data-id=\"30\" data-slide-public-id=\"4\" aria-hidden=\"true\" data-title=\"Image Slider 4\" class=\"n2-ss-slide n2-ow  n2-ss-slide-30\"><div role=\"note\" class=\"n2-ss-slide--focus\" tabindex=\"-1\">Image Slider 4<\/div><div class=\"n2-ss-layers-container n2-ss-slide-limiter n2-ow\"><div class=\"n2-ss-layer n2-ow n-uc-LHpQvclIFWZH\" data-sstype=\"slide\" data-pm=\"default\"><\/div><\/div><\/div>                    <\/div>\n\n                                    <\/div>\n            <\/div>\n        <\/div>\n        <div class=\"n2-ss-slider-controls n2-ss-slider-controls-absolute-left-center\"><div style=\"--widget-offset:15px;\" class=\"n2-ss-widget n2-style-4976ae330c70bc136caaa22396ca6d83-heading nextend-arrow n2-ow-all nextend-arrow-previous  nextend-arrow-animated-fade\" data-hide-mobileportrait=\"1\" id=\"n2-ss-6-arrow-previous\" role=\"button\" aria-label=\"previous arrow\" tabindex=\"0\"><img loading=\"lazy\" decoding=\"async\" width=\"32\" height=\"32\" class=\"skip-lazy\" data-skip-lazy=\"1\" src=\"data:image\/svg+xml;base64,PHN2ZyB4bWxucz0iaHR0cDovL3d3dy53My5vcmcvMjAwMC9zdmciIHdpZHRoPSIzMiIgaGVpZ2h0PSIzMiIgdmlld0JveD0iMCAwIDMyIDMyIj4KICAgIDxwYXRoIGZpbGw9IiNmZmZmZmYiIG9wYWNpdHk9IjAuOCIgZmlsbC1ydWxlPSJldmVub2RkIgogICAgICAgICAgZD0iTTE4Ljk5NTggOC45OTA3YzAtLjQyNC0uMjA0LS43MjMtLjYxLS44OTgtLjQwOS0uMTczLS43NzItLjEwNC0xLjA5My4yMDlsLTcuMDA2IDYuOTc1Yy0uMjAxLjE5OS0uMjk3LjQzNy0uMjg2LjcxNiAwIC4yNjcuMDk2LjQ5OC4yODYuNjg5bDcuMDA2IDcuMDAxYy4zMjEuMzIxLjY4NC4zODkgMS4wOTMuMjA5LjQwNi0uMTc0LjYxLS40ODIuNjEtLjkyMlY4Ljk5MDd6Ii8+Cjwvc3ZnPg==\" alt=\"previous arrow\"><\/div><\/div><div class=\"n2-ss-slider-controls n2-ss-slider-controls-absolute-right-center\"><div style=\"--widget-offset:15px;\" class=\"n2-ss-widget n2-style-4976ae330c70bc136caaa22396ca6d83-heading nextend-arrow n2-ow-all nextend-arrow-next  nextend-arrow-animated-fade\" data-hide-mobileportrait=\"1\" id=\"n2-ss-6-arrow-next\" role=\"button\" aria-label=\"next arrow\" tabindex=\"0\"><img loading=\"lazy\" decoding=\"async\" width=\"32\" height=\"32\" class=\"skip-lazy\" data-skip-lazy=\"1\" src=\"data:image\/svg+xml;base64,PHN2ZyB3aWR0aD0iMzIiIGhlaWdodD0iMzIiIHZpZXdCb3g9IjAgMCAzMiAzMiIgeG1sbnM9Imh0dHA6Ly93d3cudzMub3JnLzIwMDAvc3ZnIj4KICAgIDxwYXRoIGQ9Ik0xMiA4Ljk5YzAtLjQyMy4yMDQtLjcyMi42MS0uODk3LjQwOC0uMTczLjc3Mi0uMTA0IDEuMDkyLjIxbDcuMDA2IDYuOTc0Yy4yMDIuMi4yOTguNDM3LjI4Ny43MTYgMCAuMjY3LS4wOTYuNDk4LS4yODcuNjlsLTcuMDA2IDdjLS4zMi4zMi0uNjg0LjM5LTEuMDkyLjIxLS40MDYtLjE3NS0uNjEtLjQ4My0uNjEtLjkyM1Y4Ljk5eiIKICAgICAgICAgIGZpbGw9IiNmZmZmZmYiIG9wYWNpdHk9IjAuOCIgZmlsbC1ydWxlPSJldmVub2RkIi8+Cjwvc3ZnPg==\" alt=\"next arrow\"><\/div><\/div><div class=\"n2-ss-slider-controls n2-ss-slider-controls-absolute-center-bottom\"><div style=\"--widget-offset:10px;\" class=\"n2-ss-widget n2-ss-control-bullet n2-ow-all n2-ss-control-bullet-horizontal\"><div class=\" nextend-bullet-bar n2-bar-justify-content-center\" role=\"group\" aria-label=\"Choose slide to display.\"><div class=\"n2-bullet n2-style-1861a9bfef7bc0c458e51809cad2bd03-dot \" style=\"visibility:hidden;\"><\/div><\/div><\/div><\/div><\/div><\/div><ss3-loader><\/ss3-loader><\/div><\/div><div class=\"n2_clear\"><\/div><\/div>","protected":false},"excerpt":{"rendered":"<p>El nuevo n\u00facleo urbano de Andorra la Vella Una nueva zona residencial y de negocios se urbaniza en Andorra la Vella. La zona conocida como el Prat del Rull, situada en la calle de la Grau. El proyecto comprende la construcci\u00f3n de cuatro edificios de 6, 7 y dos de 8 plantas, con 90 plazas <a class=\"read-more\" href=\"https:\/\/profinca.ad\/cast\/la-llar-4\/\">Read More<\/a><\/p>\n","protected":false},"author":1,"featured_media":0,"parent":0,"menu_order":0,"comment_status":"closed","ping_status":"closed","template":"","meta":{"footnotes":""},"class_list":["post-46","page","type-page","status-publish","hentry"],"_links":{"self":[{"href":"https:\/\/profinca.ad\/cast\/wp-json\/wp\/v2\/pages\/46","targetHints":{"allow":["GET"]}}],"collection":[{"href":"https:\/\/profinca.ad\/cast\/wp-json\/wp\/v2\/pages"}],"about":[{"href":"https:\/\/profinca.ad\/cast\/wp-json\/wp\/v2\/types\/page"}],"author":[{"embeddable":true,"href":"https:\/\/profinca.ad\/cast\/wp-json\/wp\/v2\/users\/1"}],"replies":[{"embeddable":true,"href":"https:\/\/profinca.ad\/cast\/wp-json\/wp\/v2\/comments?post=46"}],"version-history":[{"count":14,"href":"https:\/\/profinca.ad\/cast\/wp-json\/wp\/v2\/pages\/46\/revisions"}],"predecessor-version":[{"id":317,"href":"https:\/\/profinca.ad\/cast\/wp-json\/wp\/v2\/pages\/46\/revisions\/317"}],"wp:attachment":[{"href":"https:\/\/profinca.ad\/cast\/wp-json\/wp\/v2\/media?parent=46"}],"curies":[{"name":"wp","href":"https:\/\/api.w.org\/{rel}","templated":true}]}}